{"id":129,"date":"2021-10-21T11:09:38","date_gmt":"2021-10-21T11:09:38","guid":{"rendered":"https:\/\/rochapaivamoldes.com\/?page_id=129"},"modified":"2021-10-21T13:38:11","modified_gmt":"2021-10-21T13:38:11","slug":"politicas","status":"publish","type":"page","link":"https:\/\/rochapaivamoldes.com\/?page_id=129","title":{"rendered":"Pol\u00edtica de Privacidade"},"content":{"rendered":"\t\t<div data-elementor-type=\"wp-page\" data-elementor-id=\"129\" class=\"elementor elementor-129\" data-elementor-post-type=\"page\">\n\t\t\t\t\t\t<section class=\"elementor-section elementor-top-section elementor-element elementor-element-32e0d0d elementor-section-boxed elementor-section-height-default elementor-section-height-default\" data-id=\"32e0d0d\" data-element_type=\"section\">\n\t\t\t\t\t\t<div class=\"elementor-container elementor-column-gap-default\">\n\t\t\t\t\t<div class=\"elementor-column elementor-col-100 elementor-top-column elementor-element elementor-element-5c4476e\" data-id=\"5c4476e\" data-element_type=\"column\">\n\t\t\t<div class=\"elementor-widget-wrap\">\n\t\t\t\t\t\t\t<\/div>\n\t\t<\/div>\n\t\t\t\t\t<\/div>\n\t\t<\/section>\n\t\t\t\t<section class=\"elementor-section elementor-top-section elementor-element elementor-element-b7ec41a elementor-section-boxed elementor-section-height-default elementor-section-height-default\" data-id=\"b7ec41a\" data-element_type=\"section\">\n\t\t\t\t\t\t<div class=\"elementor-container elementor-column-gap-default\">\n\t\t\t\t\t<div class=\"elementor-column elementor-col-100 elementor-top-column elementor-element elementor-element-c521d2b\" data-id=\"c521d2b\" data-element_type=\"column\">\n\t\t\t<div class=\"elementor-widget-wrap elementor-element-populated\">\n\t\t\t\t\t\t<div class=\"elementor-element elementor-element-52071e4 elementor-widget elementor-widget-text-editor\" data-id=\"52071e4\" data-element_type=\"widget\" data-widget_type=\"text-editor.default\">\n\t\t\t\t<div class=\"elementor-widget-container\">\n\t\t\t<style>\/*! elementor - v3.19.0 - 28-02-2024 *\/\n.elementor-widget-text-editor.elementor-drop-cap-view-stacked .elementor-drop-cap{background-color:#69727d;color:#fff}.elementor-widget-text-editor.elementor-drop-cap-view-framed .elementor-drop-cap{color:#69727d;border:3px solid;background-color:transparent}.elementor-widget-text-editor:not(.elementor-drop-cap-view-default) .elementor-drop-cap{margin-top:8px}.elementor-widget-text-editor:not(.elementor-drop-cap-view-default) .elementor-drop-cap-letter{width:1em;height:1em}.elementor-widget-text-editor .elementor-drop-cap{float:left;text-align:center;line-height:1;font-size:50px}.elementor-widget-text-editor .elementor-drop-cap-letter{display:inline-block}<\/style>\t\t\t\t<h3><span style=\"color: #1d3557;\"><strong>Por favor l\u00ea com aten\u00e7\u00e3o a nossa Pol\u00edtica de Privacidade.<\/strong><\/span><\/h3><p>Caso n\u00e3o concordes com a mesma n\u00e3o dever\u00e1s usar a presente P\u00e1gina Web.<br \/>A presente Pol\u00edtica de Privacidade enuncia as formas de recolha e utiliza\u00e7\u00e3o dos dados pessoais, assim como as medidas de salvaguarda e seguran\u00e7a adotadas no tratamento dos mesmos.<br \/>A Rocha Paiva Moldes, Lda. (daqui em diante Rocha Paiva Moldes) reconhece a import\u00e2ncia da privacidade. Nunca venderemos a tua informa\u00e7\u00e3o para terceiros, sejam eles particulares ou empresas.<br \/>O website www.rochapaivamoldes.com \u00e9 propriedade da Rocha Paiva Moldes com sede na Rua professor Veiga Sim\u00e3o n\u00ba194, 3700-355.\u00a0 Faj\u00f5es \u2013 Oliveira de Azem\u00e9is.\u00a0 Aveiro \u2013 Portugal<\/p><h3><span style=\"color: #1d3557;\"><strong>Cookies<\/strong><\/span><\/h3><p>A Rocha Paiva Moldes utiliza cookies que ajudam a oferecer-te um melhor servi\u00e7o e experi\u00eancia como utilizador do nosso site. Aos continuares a navegar no nosso Website concordas com a utiliza\u00e7\u00e3o de cookies.<br \/>Para garantir que o nosso site apresenta uma boa experi\u00eancia de navega\u00e7\u00e3o para os visitantes e disponibilizar um servi\u00e7o mais personalizado, o nosso servidor utiliza cookies para recolher e guardar informa\u00e7\u00e3o. Caso pretendas, poder\u00e1s desativar esta configura\u00e7\u00e3o no teu browser, com preju\u00edzo de limitar acesso a determinadas \u00e1reas do site ou de receber informa\u00e7\u00e3o personalizada.<br \/>A utiliza\u00e7\u00e3o de cookies \u00e9 uma pr\u00e1tica corrente na generalidade dos sites com o objetivo de poupar tempo ao utilizador e facilitar a navega\u00e7\u00e3o. O Website poder\u00e1 utilizar cookies com a finalidade de recolher informa\u00e7\u00e3o durante a tua visita ao site, tais como as zonas que visitas e as actividades em que participas. Estes ficheiros s\u00e3o usados para evitar que o visitante tenha de introduzir repetidamente a sua informa\u00e7\u00e3o pessoal, facilitar a navega\u00e7\u00e3o e a personaliza\u00e7\u00e3o do servi\u00e7o. Os cookies poder\u00e3o ser utilizados para ajudar nas tuas utiliza\u00e7\u00f5es futuras na aplica\u00e7\u00e3o. O utilizador pode aceitar ou eliminar os cookies. A maioria dos browsers ou aplica\u00e7\u00f5es de navega\u00e7\u00e3o na Internet aceita cookies automaticamente. Caso o utilizador n\u00e3o pretenda utilizar cookies dever\u00e1 alterar as defini\u00e7\u00f5es do seu browser relativamente \u00e0 aceita\u00e7\u00e3o ou n\u00e3o de cookies.<\/p><h3><span style=\"color: #1d3557;\"><strong>Recolha de Informa\u00e7\u00e3o<\/strong><\/span><\/h3><p>Sempre que for necess\u00e1rio a recolha de informa\u00e7\u00e3o pessoal para a disponibiliza\u00e7\u00e3o de produtos \/ servi\u00e7os da Rocha Paiva Moldes, a utiliza\u00e7\u00e3o dessa mesma informa\u00e7\u00e3o ser\u00e1 efetuada no cumprimento da legisla\u00e7\u00e3o aplic\u00e1vel \u00e0 Pol\u00edtica de Prote\u00e7\u00e3o de Dados imposta pela CNPD (Comiss\u00e3o Nacional da Prote\u00e7\u00e3o de Dados, de acordo com o Decreto de Lei n\u00ba 67\/98 de 26 de Outubro, de forma a ser assegurada a confidencialidade e seguran\u00e7a dos dados pessoais fornecidos.<br \/>Toda a informa\u00e7\u00e3o recolhida \u00e9 cedida de forma volunt\u00e1ria seja via website, formul\u00e1rios online, question\u00e1rios, promo\u00e7\u00f5es de servi\u00e7os e\/ou passatempos. A Rocha Paiva Moldes recolhe dados pessoais, tais como nomes, moradas, e-mails, n\u00fameros de telefone, endere\u00e7o IP, dados demogr\u00e1ficos e sobre estilos de vida para os fins que adiante se encontram indicados. A entidade respons\u00e1vel pela recolha e tratamento dos dados pessoais \u00e9 a Rocha Paiva Moldes.<\/p><h3><span style=\"color: #1d3557;\"><strong>Utiliza\u00e7\u00e3o da Informa\u00e7\u00e3o Recolhida<\/strong><\/span><\/h3><p>A Rocha Paiva Moldes compromete-se a cumprir as normas de tratamento de dados pessoais em vigor em Portugal.<\/p><p>A informa\u00e7\u00e3o obtida poder\u00e1 ser utilizada pela Rocha Paiva Moldes, para te enviar informa\u00e7\u00e3o relevante sobre produtos \/ promo\u00e7\u00f5es em vigor, captar informa\u00e7\u00f5es de car\u00e1ter geral de forma a entender o perfil dos utilizadores, e com isso adaptar os seus produtos aos seus clientes e potenciais clientes.<br \/>Os dados recolhidos destinam-se exclusivamente a uso da Rocha Paiva Moldes, por forma a dar seguimento aos pedidos efetuados atrav\u00e9s desta p\u00e1gina web, sendo garantida a privacidade e prote\u00e7\u00e3o dos dados dos utilizadores.<br \/>Rocha Paiva Moldes pode ceder a informa\u00e7\u00e3o pessoal do utilizador a outras empresas, tais como transportadoras, quando necessitar de o fazer para lhe fornecer um produto ou servi\u00e7o, sendo garantido que apenas \u00e9 partilhada a informa\u00e7\u00e3o m\u00ednima necess\u00e1ria para a satisfa\u00e7\u00e3o do pedido.<\/p><h3><span style=\"color: #1d3557;\"><strong>Direito de Acesso, Retifica\u00e7\u00e3o, Cancelamento e Oposi\u00e7\u00e3o<\/strong><\/span><\/h3><p>Em conformidade com o disposto na Lei n\u00ba 67\/98 de 26 de Outubro, qualquer pessoa pode solicitar o acesso aos respectivos dados pessoais, podendo tomar conhecimento do seu teor, bem como, exigir a sua retifica\u00e7\u00e3o, atualiza\u00e7\u00e3o ou solicitar a sua destrui\u00e7\u00e3o, por pedido escrito dirigido \u00e0 Rocha Paiva Moldes para o endere\u00e7o de email: rochapaivamoldes@gmail.com<\/p><h3><span style=\"color: #1d3557;\"><strong>Seguran\u00e7a e Prote\u00e7\u00e3o de Dados<\/strong><\/span><\/h3><p>A Rocha Paiva Moldes compromete-se a adotar as medidas de seguran\u00e7a necess\u00e1rias para garantir a salvaguarda dos dados pessoais dos utilizadores contra a sua eventual utiliza\u00e7\u00e3o abusiva ou contra o acesso n\u00e3o autorizado.<br \/>N\u00e3o obstante e, n\u00e3o sendo a internet um meio de comunica\u00e7\u00e3o 100% seguro, a Rocha Paiva Moldes n\u00e3o poder\u00e1 garantir a seguran\u00e7a de qualquer informa\u00e7\u00e3o que divulgue online, nem responsabilizar-se por perdas ou danos causados ao utilizador como consequ\u00eancia da perda de confidencialidade da informa\u00e7\u00e3o.<\/p><h3><span style=\"color: #1d3557;\"><strong>Responsabilidade<\/strong><\/span><\/h3><p>Nesta p\u00e1gina web os utilizadores poder\u00e3o encontrar links que o reencaminham para outras p\u00e1ginas web fora do dom\u00ednio dos servidores da Rocha Paiva Moldes que poder\u00e3o eles pr\u00f3prios recolher dados ou solicitar informa\u00e7\u00e3o pessoal. A presente Pol\u00edtica de Privacidade n\u00e3o se aplica a sites terceiros, pelo que, dever\u00e1 ler a Pol\u00edtica de Privacidade dos sites terceiros que visitar, sendo que n\u00e3o nos responsabilizamos pelo conte\u00fado e informa\u00e7\u00e3o presente nesses mesmos sites.<\/p><h3><span style=\"color: #1d3557;\"><strong>Concord\u00e2ncia da Pol\u00edtica de Privacidade<\/strong><\/span><\/h3><p>Entende-se que o utilizador aceita as condi\u00e7\u00f5es desta pol\u00edtica de privacidade ao introduzir os seus dados. O preenchimento dos formul\u00e1rios sup\u00f5e o consentimento por parte do utilizador do tratamento automatizado e utiliza\u00e7\u00e3o dos dados de acordo com as condi\u00e7\u00f5es de privacidade descritas neste documento.<\/p><h3><span style=\"color: #1d3557;\"><strong>Altera\u00e7\u00f5es \u00e0 Pol\u00edtica de Privacidade<\/strong><\/span><\/h3><p>A Rocha Paiva Moldes reserva-se ao direito de, a qualquer momento, atualizar ou rever a presente Pol\u00edtica de Privacidade a fim de a ajustar a eventuais altera\u00e7\u00f5es legislativas e\/ou outros condicionalismos. Qualquer altera\u00e7\u00e3o efetuada ser\u00e1 publicada neste espa\u00e7o, pelo que o utilizador dever\u00e1 visitar frequentemente esta \u00e1rea no sentido de se manter informado sobre a Pol\u00edtica de Privacidade em vigor.<\/p>\t\t\t\t\t\t<\/div>\n\t\t\t\t<\/div>\n\t\t\t\t\t<\/div>\n\t\t<\/div>\n\t\t\t\t\t<\/div>\n\t\t<\/section>\n\t\t\t\t<\/div>\n\t\t","protected":false},"excerpt":{"rendered":"<p>Por favor l\u00ea com aten\u00e7\u00e3o a nossa Pol\u00edtica de Privacidade. Caso n\u00e3o concordes com a mesma n\u00e3o dever\u00e1s usar a presente P\u00e1gina Web.A presente Pol\u00edtica de Privacidade enuncia as formas de recolha e utiliza\u00e7\u00e3o dos dados pessoais, assim como as medidas de salvaguarda e seguran\u00e7a adotadas no tratamento dos mesmos.A Rocha Paiva Moldes, Lda. (daqui &hellip; <\/p>\n<p class=\"link-more\"><a href=\"https:\/\/rochapaivamoldes.com\/?page_id=129\" class=\"more-link\">Continue reading<span class=\"screen-reader-text\"> &#8220;Pol\u00edtica de Privacidade&#8221;<\/span><\/a><\/p>\n","protected":false},"author":1,"featured_media":0,"parent":0,"menu_order":0,"comment_status":"closed","ping_status":"closed","template":"elementor_header_footer","meta":{"footnotes":""},"_links":{"self":[{"href":"https:\/\/rochapaivamoldes.com\/index.php?rest_route=\/wp\/v2\/pages\/129"}],"collection":[{"href":"https:\/\/rochapaivamoldes.com\/index.php?rest_route=\/wp\/v2\/pages"}],"about":[{"href":"https:\/\/rochapaivamoldes.com\/index.php?rest_route=\/wp\/v2\/types\/page"}],"author":[{"embeddable":true,"href":"https:\/\/rochapaivamoldes.com\/index.php?rest_route=\/wp\/v2\/users\/1"}],"replies":[{"embeddable":true,"href":"https:\/\/rochapaivamoldes.com\/index.php?rest_route=%2Fwp%2Fv2%2Fcomments&post=129"}],"version-history":[{"count":7,"href":"https:\/\/rochapaivamoldes.com\/index.php?rest_route=\/wp\/v2\/pages\/129\/revisions"}],"predecessor-version":[{"id":137,"href":"https:\/\/rochapaivamoldes.com\/index.php?rest_route=\/wp\/v2\/pages\/129\/revisions\/137"}],"wp:attachment":[{"href":"https:\/\/rochapaivamoldes.com\/index.php?rest_route=%2Fwp%2Fv2%2Fmedia&parent=129"}],"curies":[{"name":"wp","href":"https:\/\/api.w.org\/{rel}","templated":true}]}}